{"id":608,"date":"2024-04-01T20:27:59","date_gmt":"2024-04-01T18:27:59","guid":{"rendered":"https:\/\/bioforpiri.org\/recursos\/"},"modified":"2026-01-14T13:38:18","modified_gmt":"2026-01-14T12:38:18","slug":"recursos","status":"publish","type":"page","link":"https:\/\/bioforpiri.org\/es\/recursos\/","title":{"rendered":"Recursos"},"content":{"rendered":"\n<div class=\"wp-block-group alignfull has-secondary-background-color has-background has-global-padding is-layout-constrained wp-container-core-group-is-layout-5f5a2a88 wp-block-group-is-layout-constrained\" style=\"padding-top:var(--wp--preset--spacing--60);padding-bottom:var(--wp--preset--spacing--60)\">\n<h1 class=\"wp-block-heading has-primary-color has-text-color has-link-color wp-elements-c40900eec01a71de25ad5e17f977c5d5\">Recursos <\/h1>\n<\/div>\n\n\n\n<div class=\"wp-block-group alignfull has-global-padding is-layout-constrained wp-container-core-group-is-layout-5987a80b wp-block-group-is-layout-constrained\" style=\"padding-top:var(--wp--preset--spacing--50);padding-bottom:var(--wp--preset--spacing--50)\">\n<h2 class=\"wp-block-heading\">V\u00eddeos<\/h2>\n\n\n\n<ul class=\"wp-block-list\">\n<li><a href=\"https:\/\/youtu.be\/VO9QGsEIbDM?si=O1s-sGMNYqEvgK8S\" target=\"_blank\" rel=\"noreferrer noopener\">V\u00eddeo de presentaci\u00f3n del proyecto<\/a><\/li>\n\n\n\n<li><a href=\"https:\/\/youtu.be\/XGZ_zO_1lwo?si=s47aGjTS5g5_2tJX\" data-type=\"link\" data-id=\"https:\/\/youtu.be\/XGZ_zO_1lwo?si=s47aGjTS5g5_2tJX\" target=\"_blank\" rel=\"noreferrer noopener\">V\u00eddeo impacto y resultado del proyecto (versi\u00f3n breve)<\/a><\/li>\n\n\n\n<li><a href=\"https:\/\/youtu.be\/bgVBJTXlmHw?si=rPTb4Hr6_sDndPCw\" data-type=\"link\" data-id=\"https:\/\/youtu.be\/bgVBJTXlmHw?si=rPTb4Hr6_sDndPCw\" target=\"_blank\" rel=\"noreferrer noopener\">V\u00eddeo impacto y resultado del proyecto (versi\u00f3n completa)<\/a><\/li>\n<\/ul>\n\n\n\n<p>Puedes ver todos los v\u00eddeos del proyecto en el <a href=\"https:\/\/www.youtube.com\/@BioForPiri\" target=\"_blank\" rel=\"noreferrer noopener\">Canal de Youtube<\/a>.<\/p>\n<\/div>\n\n\n\n<hr class=\"wp-block-separator alignwide has-alpha-channel-opacity\"\/>\n\n\n\n<div class=\"wp-block-group alignfull has-global-padding is-layout-constrained wp-container-core-group-is-layout-5987a80b wp-block-group-is-layout-constrained\" style=\"padding-top:var(--wp--preset--spacing--50);padding-bottom:var(--wp--preset--spacing--50)\">\n<h2 class=\"wp-block-heading\">Infograf\u00edas<\/h2>\n\n\n\n<ul class=\"wp-block-list\">\n<li><a href=\"https:\/\/bioforpiri.org\/wp-content\/uploads\/2025\/07\/BFP_Infogr_1_ES.pdf\" target=\"_blank\" rel=\"noreferrer noopener\">Infograf\u00eda inicial del proyecto<\/a><\/li>\n\n\n\n<li><a href=\"https:\/\/bioforpiri.org\/wp-content\/uploads\/2025\/12\/BFP_Infogr_2_ES.pdf\" target=\"_blank\" rel=\"noreferrer noopener\">Infograf\u00eda sobre el impacto del proyecto <\/a><\/li>\n<\/ul>\n<\/div>\n\n\n\n<hr class=\"wp-block-separator alignwide has-alpha-channel-opacity\"\/>\n\n\n\n<div class=\"wp-block-group alignfull has-global-padding is-layout-constrained wp-container-core-group-is-layout-5987a80b wp-block-group-is-layout-constrained\" style=\"padding-top:var(--wp--preset--spacing--50);padding-bottom:var(--wp--preset--spacing--50)\">\n<h2 class=\"wp-block-heading\">Paquetes ambientales<\/h2>\n\n\n\n<ul class=\"wp-block-list\">\n<li><a href=\"https:\/\/bioforpiri.org\/wp-content\/uploads\/2025\/12\/10.1_Gest.Forest-Natural_Ainsa-rodal-1_maquetado_OK.pdf\" target=\"_blank\" rel=\"noreferrer noopener\">A10.1 Gesti\u00f3n forestal &#8211; Sostenibilidad natural\u00edstica en A\u00ednsa &#8211; Rodal N\u00ba1 &#8211; A\u00ednsa \/ FCQ \/ Fajas de la Solana<\/a><\/li>\n\n\n\n<li><a href=\"https:\/\/bioforpiri.org\/wp-content\/uploads\/2025\/12\/10.2_Gest.Forest-Natural_Alinya-1d_maquetado_OK.pdf\" target=\"_blank\" rel=\"noreferrer noopener\">A10.2 Gesti\u00f3n forestal &#8211; Sostenibilidad natural\u00edstica en Aliny\u00e0 &#8211; Rodal N\u00ba1d <\/a><\/li>\n\n\n\n<li><a href=\"https:\/\/bioforpiri.org\/wp-content\/uploads\/2025\/12\/10.3_Gest.Forest-Prev.Incendios_Rodal-2_maquetado_OK.pdf\" data-type=\"link\" data-id=\"https:\/\/bioforpiri.org\/wp-content\/uploads\/2025\/12\/10.3_Gest.Forest-Prev.Incendios_Rodal-2_maquetado_OK.pdf\" target=\"_blank\" rel=\"noreferrer noopener\">A10.3 Gesti\u00f3n forestal para la prevenci\u00f3n de incendios &#8211; Rodal N\u00ba2 &#8211; A\u00ednsa \/ FCQ \/ Morillo de Tou<\/a><\/li>\n\n\n\n<li><a href=\"https:\/\/bioforpiri.org\/wp-content\/uploads\/2025\/12\/10.4_Gest.Forest-Prev.Incendios_Alinya_maquetado_OK.pdf\" target=\"_blank\" rel=\"noreferrer noopener\">A10.4 Gesti\u00f3n forestal para la prevenci\u00f3n de incendios &#8211; PEG &#8211; Collet del Bas<\/a><\/li>\n\n\n\n<li><a href=\"https:\/\/bioforpiri.org\/wp-content\/uploads\/2025\/12\/10.5_Balsa-Multifuncional-Alinya_maquetado_OK.pdf\" target=\"_blank\" rel=\"noreferrer noopener\">A10.5 Construcci\u00f3n de balsa de agua multifuncional &#8211; Aliny\u00e0 <\/a><\/li>\n\n\n\n<li><a href=\"https:\/\/bioforpiri.org\/wp-content\/uploads\/2025\/12\/10.6_Soporte-a-la-Ganaderia-ext_Ainsa_maquetado_OK.pdf\" target=\"_blank\" rel=\"noreferrer noopener\">A10.6 Soporte a la ganader\u00eda extensiva en A\u00ednsa<\/a><\/li>\n\n\n\n<li><a href=\"https:\/\/bioforpiri.org\/wp-content\/uploads\/2025\/12\/10.7_Soporte-a-la-Ganaderia-ext_Alinya_maquetado_OK.pdf\" target=\"_blank\" rel=\"noreferrer noopener\">A10.7 Soporte a la ganader\u00eda extensiva en la Muntanya d&#8217;Aliny\u00e0<\/a><\/li>\n\n\n\n<li><a href=\"http:\/\/10.8_Cre\u0301ditos clima\u0301ticos _ Alinya\u0300_maquetado_OK\" target=\"_blank\" rel=\"noreferrer noopener\">A10.8 Cr\u00e9ditos clim\u00e1ticos<\/a><\/li>\n<\/ul>\n<\/div>\n\n\n\n<div style=\"height:50px\" aria-hidden=\"true\" class=\"wp-block-spacer\"><\/div>\n\n\n\n<hr class=\"wp-block-separator has-alpha-channel-opacity\"\/>\n\n\n\n<div class=\"wp-block-group alignfull has-global-padding is-layout-constrained wp-container-core-group-is-layout-8fbd6f7e wp-block-group-is-layout-constrained\" style=\"margin-top:0;margin-bottom:0;padding-top:var(--wp--preset--spacing--50);padding-bottom:var(--wp--preset--spacing--60)\">\n<div class=\"wp-block-columns is-layout-flex wp-container-core-columns-is-layout-28f84493 wp-block-columns-is-layout-flex\">\n<div class=\"wp-block-column is-layout-flow wp-block-column-is-layout-flow\" style=\"padding-bottom:var(--wp--preset--spacing--20);flex-basis:5%\"><\/div>\n\n\n\n<div class=\"wp-block-column is-layout-flow wp-block-column-is-layout-flow\" style=\"padding-top:var(--wp--preset--spacing--40);padding-bottom:var(--wp--preset--spacing--10);flex-basis:90%\">\n<p class=\"has-text-align-center\" style=\"padding-bottom:var(--wp--preset--spacing--20)\">Bio For Piri es un proyecto liderado por la <strong>Fundaci\u00f3 Catalunya La Pedrera<\/strong> en coordinaci\u00f3n con 5 entidades referentes en sus \u00e1mbitos.<\/p>\n<\/div>\n\n\n\n<div class=\"wp-block-column is-layout-flow wp-block-column-is-layout-flow\" style=\"padding-bottom:var(--wp--preset--spacing--20);flex-basis:5%\"><\/div>\n<\/div>\n\n\n\n<div class=\"wp-block-columns is-not-stacked-on-mobile is-layout-flex wp-container-core-columns-is-layout-f1061711 wp-block-columns-is-layout-flex\" style=\"padding-right:var(--wp--preset--spacing--20);padding-left:var(--wp--preset--spacing--20)\">\n<div class=\"wp-block-column is-layout-flow wp-block-column-is-layout-flow\">\n<figure class=\"wp-block-image size-full\"><a href=\"https:\/\/www.fundaciocatalunya-lapedrera.com\" target=\"_blank\" rel=\"noreferrer noopener\"><img loading=\"lazy\" decoding=\"async\" width=\"400\" height=\"200\" src=\"https:\/\/bioforpiri.org\/wp-content\/uploads\/2024\/04\/FCLP_web.png\" alt=\"\" class=\"wp-image-23\"\/><\/a><\/figure>\n<\/div>\n\n\n\n<div class=\"wp-block-column is-layout-flow wp-block-column-is-layout-flow\">\n<figure class=\"wp-block-image size-full\"><a href=\"https:\/\/ctfc.cat\/\" target=\"_blank\" rel=\"noreferrer noopener\"><img loading=\"lazy\" decoding=\"async\" width=\"400\" height=\"200\" src=\"https:\/\/bioforpiri.org\/wp-content\/uploads\/2024\/04\/CTFC_web.png\" alt=\"\" class=\"wp-image-21\"\/><\/a><\/figure>\n<\/div>\n\n\n\n<div class=\"wp-block-column is-layout-flow wp-block-column-is-layout-flow\">\n<figure class=\"wp-block-image size-full\"><a href=\"https:\/\/quebrantahuesos.org\/\" target=\"_blank\" rel=\"noreferrer noopener\"><img loading=\"lazy\" decoding=\"async\" width=\"400\" height=\"200\" src=\"https:\/\/bioforpiri.org\/wp-content\/uploads\/2024\/04\/FCQ_web.png\" alt=\"\" class=\"wp-image-24\"\/><\/a><\/figure>\n<\/div>\n\n\n\n<div class=\"wp-block-column is-layout-flow wp-block-column-is-layout-flow\">\n<figure class=\"wp-block-image size-full\"><a href=\"https:\/\/empresaclima.org\/\" target=\"_blank\" rel=\"noreferrer noopener\"><img loading=\"lazy\" decoding=\"async\" width=\"400\" height=\"200\" src=\"https:\/\/bioforpiri.org\/wp-content\/uploads\/2024\/04\/FEC_web.png\" alt=\"\" class=\"wp-image-25\"\/><\/a><\/figure>\n<\/div>\n\n\n\n<div class=\"wp-block-column is-layout-flow wp-block-column-is-layout-flow\">\n<figure class=\"wp-block-image size-full\"><a href=\"https:\/\/www.paucostafoundation.org\/\" target=\"_blank\" rel=\"noreferrer noopener\"><img loading=\"lazy\" decoding=\"async\" width=\"400\" height=\"200\" src=\"https:\/\/bioforpiri.org\/wp-content\/uploads\/2024\/04\/FPC_web.png\" alt=\"\" class=\"wp-image-26\"\/><\/a><\/figure>\n<\/div>\n\n\n\n<div class=\"wp-block-column is-layout-flow wp-block-column-is-layout-flow\">\n<figure class=\"wp-block-image size-full\"><a href=\"https:\/\/www.integrapirineus.com\/\" target=\"_blank\" rel=\"noreferrer noopener\"><img loading=\"lazy\" decoding=\"async\" width=\"400\" height=\"200\" src=\"https:\/\/bioforpiri.org\/wp-content\/uploads\/2024\/04\/IP_web.png\" alt=\"\" class=\"wp-image-27\"\/><\/a><\/figure>\n<\/div>\n<\/div>\n\n\n\n<div class=\"wp-block-columns is-layout-flex wp-container-core-columns-is-layout-28f84493 wp-block-columns-is-layout-flex\">\n<div class=\"wp-block-column is-layout-flow wp-block-column-is-layout-flow\" style=\"padding-top:var(--wp--preset--spacing--40);padding-bottom:var(--wp--preset--spacing--10);flex-basis:5%\"><\/div>\n\n\n\n<div class=\"wp-block-column is-layout-flow wp-block-column-is-layout-flow\" style=\"padding-top:var(--wp--preset--spacing--40);padding-bottom:var(--wp--preset--spacing--10);flex-basis:90%\">\n<p style=\"padding-top:var(--wp--preset--spacing--30)\">Bio For Piri cuenta con el apoyo de la Fundaci\u00f3n Biodiversidad del Ministerio para la Transici\u00f3n Ecol\u00f3gica y el Reto Demogr\u00e1fico (MITECO) en el marco del Plan de Recuperaci\u00f3n, Transformaci\u00f3n y Resiliencia (PRTR), financiado por la Uni\u00f3n Europea \u2013 NextGenerationEU.<\/p>\n<\/div>\n\n\n\n<div class=\"wp-block-column is-layout-flow wp-block-column-is-layout-flow\" style=\"flex-basis:5%\"><\/div>\n<\/div>\n\n\n\n<figure class=\"wp-block-image aligncenter size-full\"><a href=\"https:\/\/fundacion-biodiversidad.es\/\" target=\"_blank\" rel=\"noreferrer noopener\"><img loading=\"lazy\" decoding=\"async\" width=\"1200\" height=\"130\" src=\"https:\/\/bioforpiri.org\/wp-content\/uploads\/2024\/04\/FB_web-1.png\" alt=\"\" class=\"wp-image-139\" srcset=\"https:\/\/bioforpiri.org\/wp-content\/uploads\/2024\/04\/FB_web-1.png 1200w, https:\/\/bioforpiri.org\/wp-content\/uploads\/2024\/04\/FB_web-1-768x83.png 768w\" sizes=\"auto, (max-width: 1200px) 100vw, 1200px\" \/><\/a><\/figure>\n<\/div>\n\n\n\n<p><\/p>\n","protected":false},"excerpt":{"rendered":"<p>Recursos V\u00eddeos Puedes ver todos los v\u00eddeos del proyecto en el Canal de Youtube. Infograf\u00edas Paquetes ambientales<\/p>\n","protected":false},"author":5,"featured_media":0,"parent":0,"menu_order":5,"comment_status":"closed","ping_status":"closed","template":"page-without-title","meta":{"_editorskit_title_hidden":false,"_editorskit_reading_time":0,"_editorskit_is_block_options_detached":false,"_editorskit_block_options_position":"{}","footnotes":""},"class_list":["post-608","page","type-page","status-publish","hentry"],"_links":{"self":[{"href":"https:\/\/bioforpiri.org\/es\/wp-json\/wp\/v2\/pages\/608","targetHints":{"allow":["GET"]}}],"collection":[{"href":"https:\/\/bioforpiri.org\/es\/wp-json\/wp\/v2\/pages"}],"about":[{"href":"https:\/\/bioforpiri.org\/es\/wp-json\/wp\/v2\/types\/page"}],"author":[{"embeddable":true,"href":"https:\/\/bioforpiri.org\/es\/wp-json\/wp\/v2\/users\/5"}],"replies":[{"embeddable":true,"href":"https:\/\/bioforpiri.org\/es\/wp-json\/wp\/v2\/comments?post=608"}],"version-history":[{"count":17,"href":"https:\/\/bioforpiri.org\/es\/wp-json\/wp\/v2\/pages\/608\/revisions"}],"predecessor-version":[{"id":1350,"href":"https:\/\/bioforpiri.org\/es\/wp-json\/wp\/v2\/pages\/608\/revisions\/1350"}],"wp:attachment":[{"href":"https:\/\/bioforpiri.org\/es\/wp-json\/wp\/v2\/media?parent=608"}],"curies":[{"name":"wp","href":"https:\/\/api.w.org\/{rel}","templated":true}]}}