{"id":638,"date":"2024-04-01T20:21:55","date_gmt":"2024-04-01T18:21:55","guid":{"rendered":"https:\/\/bioforpiri.org\/entidades\/"},"modified":"2026-01-14T13:39:30","modified_gmt":"2026-01-14T12:39:30","slug":"entidades","status":"publish","type":"page","link":"https:\/\/bioforpiri.org\/es\/entidades\/","title":{"rendered":"Entidades"},"content":{"rendered":"\n<div class=\"wp-block-group alignfull has-secondary-background-color has-background has-global-padding is-layout-constrained wp-container-core-group-is-layout-9289f0e6 wp-block-group-is-layout-constrained\" style=\"padding-top:var(--wp--preset--spacing--50);padding-right:var(--wp--preset--spacing--20);padding-bottom:var(--wp--preset--spacing--50);padding-left:var(--wp--preset--spacing--20)\">\n<div class=\"wp-block-columns is-layout-flex wp-container-core-columns-is-layout-28f84493 wp-block-columns-is-layout-flex\">\n<div class=\"wp-block-column is-layout-flow wp-block-column-is-layout-flow\">\n<h1 class=\"wp-block-heading has-primary-color has-text-color has-link-color wp-elements-062b7d42e0d0f1253580bfeab560cecc\" style=\"padding-top:var(--wp--preset--spacing--20);padding-bottom:var(--wp--preset--spacing--20)\">6 entidades unidas para convertir la amenaza de los incendios forestales en oportunidad<\/h1>\n<\/div>\n\n\n\n<div class=\"wp-block-column is-layout-flow wp-block-column-is-layout-flow\">\n<p style=\"padding-top:var(--wp--preset--spacing--20);padding-right:var(--wp--preset--spacing--10);padding-bottom:var(--wp--preset--spacing--20);padding-left:var(--wp--preset--spacing--10)\">Bio For Piri es <strong>un proyecto liderado por la Fundaci\u00f3 Catalunya La Pedrera<\/strong> en coordinaci\u00f3n con 5 entidades referentes en sus \u00e1mbitos: el Centre de Ci\u00e8ncia i Tecnologia Forestal de Catalunya (CTFC); la Fundaci\u00f3n para la Conservaci\u00f3n del Quebrantahuesos; la Fundaci\u00f3n Empresa &amp; Clima; la Fundaci\u00f3 Pau Costa; y la Fundaci\u00f3n Integra Pirineus. <\/p>\n<\/div>\n<\/div>\n<\/div>\n\n\n\n<div class=\"wp-block-group alignfull has-global-padding is-layout-constrained wp-container-core-group-is-layout-582d7528 wp-block-group-is-layout-constrained\">\n<h2 class=\"wp-block-heading\" style=\"padding-top:var(--wp--preset--spacing--40);padding-bottom:var(--wp--preset--spacing--20)\">Conoce las entidades<\/h2>\n\n\n\n<div class=\"wp-block-columns are-vertically-aligned-center is-layout-flex wp-container-core-columns-is-layout-e6f27d69 wp-block-columns-is-layout-flex\" style=\"padding-bottom:var(--wp--preset--spacing--30)\">\n<div class=\"wp-block-column is-vertically-aligned-center is-layout-flow wp-block-column-is-layout-flow\">\n<figure class=\"wp-block-image size-full\"><img loading=\"lazy\" decoding=\"async\" width=\"1920\" height=\"1080\" src=\"https:\/\/bioforpiri.org\/wp-content\/uploads\/2024\/04\/BioForPiri_01.jpg\" alt=\"\" class=\"wp-image-96\" srcset=\"https:\/\/bioforpiri.org\/wp-content\/uploads\/2024\/04\/BioForPiri_01.jpg 1920w, https:\/\/bioforpiri.org\/wp-content\/uploads\/2024\/04\/BioForPiri_01-1600x900.jpg 1600w, https:\/\/bioforpiri.org\/wp-content\/uploads\/2024\/04\/BioForPiri_01-768x432.jpg 768w, https:\/\/bioforpiri.org\/wp-content\/uploads\/2024\/04\/BioForPiri_01-1536x864.jpg 1536w\" sizes=\"auto, (max-width: 1920px) 100vw, 1920px\" \/><\/figure>\n<\/div>\n\n\n\n<div class=\"wp-block-column is-vertically-aligned-center is-layout-flow wp-block-column-is-layout-flow\" style=\"padding-top:var(--wp--preset--spacing--10);padding-right:var(--wp--preset--spacing--30);padding-bottom:var(--wp--preset--spacing--10);padding-left:var(--wp--preset--spacing--30)\">\n<p><strong>Fundaci\u00f3 Catalunya La Pedrera <\/strong><\/p>\n\n\n\n<p>Fundaci\u00f3 Catalunya La Pedrera tiene el objetivo de mejorar la calidad de vida de las personas, ofreciendo oportunidades que transformen positivamente su vida y la sociedad. Promueve proyectos de sostenibilidad y educaci\u00f3n ambiental para dejar un mundo mejor a las futuras generaciones.<\/p>\n\n\n\n<p>Contribuye a la adaptaci\u00f3n al cambio clim\u00e1tico de los bosques de Catalunya, y por eso impulsa proyectos innovadores en el \u00e1mbito de la gesti\u00f3n forestal que reduzcan el riesgo de incendios forestales y permitan desarrollar modelos de bioeconom\u00eda circular, como la bioconstrucci\u00f3n con madera y la generaci\u00f3n de puestos de trabajo con valor social. En esta direcci\u00f3n, lidera y coordina el proyecto Bio For Piri. <\/p>\n\n\n\n<p><a href=\"https:\/\/www.fundaciocatalunya-lapedrera.com\/ca\" target=\"_blank\" rel=\"noreferrer noopener\">M\u00e1s informaci\u00f3n<\/a><\/p>\n<\/div>\n<\/div>\n\n\n\n<div class=\"wp-block-columns are-vertically-aligned-center is-layout-flex wp-container-core-columns-is-layout-94363411 wp-block-columns-is-layout-flex\" style=\"padding-bottom:var(--wp--preset--spacing--20)\">\n<div class=\"wp-block-column is-vertically-aligned-center is-layout-flow wp-block-column-is-layout-flow\">\n<figure class=\"wp-block-image size-full\"><img loading=\"lazy\" decoding=\"async\" width=\"1920\" height=\"1080\" src=\"https:\/\/bioforpiri.org\/wp-content\/uploads\/2024\/04\/BioForPiri_CTFC.jpg\" alt=\"\" class=\"wp-image-294\" srcset=\"https:\/\/bioforpiri.org\/wp-content\/uploads\/2024\/04\/BioForPiri_CTFC.jpg 1920w, https:\/\/bioforpiri.org\/wp-content\/uploads\/2024\/04\/BioForPiri_CTFC-1600x900.jpg 1600w, https:\/\/bioforpiri.org\/wp-content\/uploads\/2024\/04\/BioForPiri_CTFC-768x432.jpg 768w, https:\/\/bioforpiri.org\/wp-content\/uploads\/2024\/04\/BioForPiri_CTFC-1536x864.jpg 1536w\" sizes=\"auto, (max-width: 1920px) 100vw, 1920px\" \/><\/figure>\n<\/div>\n\n\n\n<div class=\"wp-block-column is-vertically-aligned-center is-layout-flow wp-block-column-is-layout-flow\" style=\"padding-top:var(--wp--preset--spacing--10);padding-right:var(--wp--preset--spacing--30);padding-bottom:var(--wp--preset--spacing--10);padding-left:var(--wp--preset--spacing--30)\">\n<p><strong>Centre de Ci\u00e8ncia i Tecnologia Forestal de Catalunya (CTFC)<\/strong><\/p>\n\n\n\n<p>El Centre de Ci\u00e8ncia i Tecnologia Forestal de Catalunya (CTFC) es un centro de investigaci\u00f3n p\u00fablico adscrito a la Generalitat de Catalunya. Trabaja en los campos de la gesti\u00f3n forestal sostenible, la biodiversidad y la bioeconom\u00eda circular. Su investigaci\u00f3n se organiza entorno a tres programas: la gesti\u00f3n forestal multifuncional, la din\u00e1mica del paisaje y biodiversidad; y la gobernanza, la salud y la bioeconom\u00eda. <\/p>\n\n\n\n<p>En Bio For Piri desarrolla acciones de gesti\u00f3n forestal sostenible a escala local; creaci\u00f3n de itinerarios silv\u00edcolas y en la evaluaci\u00f3n del impacto de las actuaciones de gesti\u00f3n forestal. Tambi\u00e9n trabaja para la prevenci\u00f3n de riesgo de grandes incendios forestales en los Pirineos y coordina la acci\u00f3n de conservaci\u00f3n de h\u00e1bitats y especies de inter\u00e9s especial. Finalmente, el CTFC est\u00e1 implicado en el an\u00e1lisis del potencial de producci\u00f3n y uso de la biomasa a escala local.<\/p>\n\n\n\n<p><a href=\"https:\/\/ctfc.cat\/\" target=\"_blank\" rel=\"noreferrer noopener\">M\u00e1s informaci\u00f3n<\/a><\/p>\n<\/div>\n<\/div>\n\n\n\n<div class=\"wp-block-columns are-vertically-aligned-center is-layout-flex wp-container-core-columns-is-layout-e6f27d69 wp-block-columns-is-layout-flex\" style=\"padding-bottom:var(--wp--preset--spacing--30)\">\n<div class=\"wp-block-column is-vertically-aligned-center is-layout-flow wp-block-column-is-layout-flow\">\n<figure class=\"wp-block-image size-full\"><img loading=\"lazy\" decoding=\"async\" width=\"1920\" height=\"1080\" src=\"https:\/\/bioforpiri.org\/wp-content\/uploads\/2024\/04\/BioForPiri_FCQ.jpg\" alt=\"\" class=\"wp-image-296\" srcset=\"https:\/\/bioforpiri.org\/wp-content\/uploads\/2024\/04\/BioForPiri_FCQ.jpg 1920w, https:\/\/bioforpiri.org\/wp-content\/uploads\/2024\/04\/BioForPiri_FCQ-1600x900.jpg 1600w, https:\/\/bioforpiri.org\/wp-content\/uploads\/2024\/04\/BioForPiri_FCQ-768x432.jpg 768w, https:\/\/bioforpiri.org\/wp-content\/uploads\/2024\/04\/BioForPiri_FCQ-1536x864.jpg 1536w\" sizes=\"auto, (max-width: 1920px) 100vw, 1920px\" \/><\/figure>\n<\/div>\n\n\n\n<div class=\"wp-block-column is-vertically-aligned-center is-layout-flow wp-block-column-is-layout-flow\" style=\"padding-top:var(--wp--preset--spacing--10);padding-right:var(--wp--preset--spacing--30);padding-bottom:var(--wp--preset--spacing--10);padding-left:var(--wp--preset--spacing--30)\">\n<p><strong>Fundaci\u00f3n para la Conservaci\u00f3n del Quebrantahuesos <\/strong><\/p>\n\n\n\n<p>La Fundaci\u00f3n para la Conservaci\u00f3n del Quebrantahuesos se cre\u00f3 el 1995 con la misi\u00f3n de promover y desarrollar proyectos de conservaci\u00f3n de la biodiversidad en los h\u00e1bitats de monta\u00f1a donde vive el quebrantahuesos. Declarada organizaci\u00f3n de utilidad p\u00fablica, realiza tareas de gesti\u00f3n, investigaci\u00f3n, educaci\u00f3n ambiental, sensibilizaci\u00f3n, desarrollo rural y ecoturismo. <\/p>\n\n\n\n<p>En Bio For Piri desarrolla acciones en la comarca aragonesa de Sobrarbe vinculadas a la recuperaci\u00f3n de pastos, prevenci\u00f3n de incendios, conservaci\u00f3n de h\u00e1bitats y especies, y ecoturismo naturalista.<\/p>\n\n\n\n<p><a href=\"https:\/\/quebrantahuesos.org\/\" target=\"_blank\" rel=\"noreferrer noopener\">M\u00e1s informaci\u00f3n<\/a><\/p>\n<\/div>\n<\/div>\n\n\n\n<div class=\"wp-block-columns are-vertically-aligned-center is-layout-flex wp-container-core-columns-is-layout-e6f27d69 wp-block-columns-is-layout-flex\" style=\"padding-bottom:var(--wp--preset--spacing--30)\">\n<div class=\"wp-block-column is-vertically-aligned-center is-layout-flow wp-block-column-is-layout-flow\">\n<figure class=\"wp-block-image size-full\"><img loading=\"lazy\" decoding=\"async\" width=\"1920\" height=\"1080\" src=\"https:\/\/bioforpiri.org\/wp-content\/uploads\/2024\/04\/BioForPiri_FEC.jpg\" alt=\"\" class=\"wp-image-298\" srcset=\"https:\/\/bioforpiri.org\/wp-content\/uploads\/2024\/04\/BioForPiri_FEC.jpg 1920w, https:\/\/bioforpiri.org\/wp-content\/uploads\/2024\/04\/BioForPiri_FEC-1600x900.jpg 1600w, https:\/\/bioforpiri.org\/wp-content\/uploads\/2024\/04\/BioForPiri_FEC-768x432.jpg 768w, https:\/\/bioforpiri.org\/wp-content\/uploads\/2024\/04\/BioForPiri_FEC-1536x864.jpg 1536w\" sizes=\"auto, (max-width: 1920px) 100vw, 1920px\" \/><\/figure>\n<\/div>\n\n\n\n<div class=\"wp-block-column is-vertically-aligned-center is-layout-flow wp-block-column-is-layout-flow\" style=\"padding-top:var(--wp--preset--spacing--10);padding-right:var(--wp--preset--spacing--30);padding-bottom:var(--wp--preset--spacing--10);padding-left:var(--wp--preset--spacing--30)\">\n<p><strong>Fundaci\u00f3n Empresa &amp; Clima <\/strong><\/p>\n\n\n\n<p>La Fundaci\u00f3n Empresa &amp; Clima es una organizaci\u00f3n sin \u00e1nimo de lucro que trabaja para el liderazgo y compromiso empresarial en la lucha contra el cambio clim\u00e1tico. Desde la FEC ayudamos a planificar e invertir en una econom\u00eda baja en carbono, impulsando estrategias de mitigaci\u00f3n y fortaleciendo su capacidad de adaptaci\u00f3n a los efectos del cambio clim\u00e1tico. La FEC representa empresas de todas las medidas y sectores, l\u00edderes y referentes para integrar en su ADN pol\u00edticas que impulsen la acci\u00f3n clim\u00e1tica. <\/p>\n\n\n\n<p>En Bio For Piri participa impulsando la creaci\u00f3n de paquetes ambientales vinculados a la gesti\u00f3n forestal sostenible y haciendo difusi\u00f3n entre el sector empresarial para implicarlo en la conservaci\u00f3n de los bosques y la acci\u00f3n clim\u00e1tica.<\/p>\n\n\n\n<p><a href=\"https:\/\/empresaclima.org\/\" target=\"_blank\" rel=\"noreferrer noopener\">M\u00e1s informaci\u00f3n<\/a><\/p>\n<\/div>\n<\/div>\n\n\n\n<div class=\"wp-block-columns are-vertically-aligned-center is-layout-flex wp-container-core-columns-is-layout-e6f27d69 wp-block-columns-is-layout-flex\" style=\"padding-bottom:var(--wp--preset--spacing--30)\">\n<div class=\"wp-block-column is-vertically-aligned-center is-layout-flow wp-block-column-is-layout-flow\">\n<figure class=\"wp-block-image size-full\"><img loading=\"lazy\" decoding=\"async\" width=\"1920\" height=\"1080\" src=\"https:\/\/bioforpiri.org\/wp-content\/uploads\/2024\/04\/BioForPiri_FPC.jpg\" alt=\"\" class=\"wp-image-300\" srcset=\"https:\/\/bioforpiri.org\/wp-content\/uploads\/2024\/04\/BioForPiri_FPC.jpg 1920w, https:\/\/bioforpiri.org\/wp-content\/uploads\/2024\/04\/BioForPiri_FPC-1600x900.jpg 1600w, https:\/\/bioforpiri.org\/wp-content\/uploads\/2024\/04\/BioForPiri_FPC-768x432.jpg 768w, https:\/\/bioforpiri.org\/wp-content\/uploads\/2024\/04\/BioForPiri_FPC-1536x864.jpg 1536w\" sizes=\"auto, (max-width: 1920px) 100vw, 1920px\" \/><\/figure>\n<\/div>\n\n\n\n<div class=\"wp-block-column is-vertically-aligned-center is-layout-flow wp-block-column-is-layout-flow\" style=\"padding-top:var(--wp--preset--spacing--10);padding-right:var(--wp--preset--spacing--30);padding-bottom:var(--wp--preset--spacing--10);padding-left:var(--wp--preset--spacing--30)\">\n<p><strong>Fundaci\u00f3 Pau Costa <\/strong><\/p>\n\n\n\n<p>La Fundaci\u00f3 Pau Costa es una entidad global sin \u00e1nimo de lucro que pone el foco en la gesti\u00f3n del riesgo de incendios forestales desde la perspectiva de la ecolog\u00eda del fuego.<\/p>\n\n\n\n<p>En Bio For Piri participa estableciendo los criterios estrat\u00e9gicos necesarios para determinar planes y acciones de prevenci\u00f3n en el \u00e1mbito pirenaico, as\u00ed como elaborar planes estrat\u00e9gicos para la prevenci\u00f3n de los grandes incendios forestales teniendo en cuenta los aspectos ecol\u00f3gicos y socioecon\u00f3micos de la zona.<\/p>\n\n\n\n<p><a href=\"https:\/\/www.paucostafoundation.org\/\" target=\"_blank\" rel=\"noreferrer noopener\">M\u00e1s informaci\u00f3n<\/a><\/p>\n<\/div>\n<\/div>\n\n\n\n<div class=\"wp-block-columns are-vertically-aligned-center is-layout-flex wp-container-core-columns-is-layout-123a282d wp-block-columns-is-layout-flex\" style=\"padding-bottom:var(--wp--preset--spacing--40)\">\n<div class=\"wp-block-column is-vertically-aligned-center is-layout-flow wp-block-column-is-layout-flow\">\n<figure class=\"wp-block-image size-full\"><img loading=\"lazy\" decoding=\"async\" width=\"1920\" height=\"1080\" src=\"https:\/\/bioforpiri.org\/wp-content\/uploads\/2024\/04\/BioForPiri_IntegraPirineus_2.jpg\" alt=\"\" class=\"wp-image-454\" srcset=\"https:\/\/bioforpiri.org\/wp-content\/uploads\/2024\/04\/BioForPiri_IntegraPirineus_2.jpg 1920w, https:\/\/bioforpiri.org\/wp-content\/uploads\/2024\/04\/BioForPiri_IntegraPirineus_2-1600x900.jpg 1600w, https:\/\/bioforpiri.org\/wp-content\/uploads\/2024\/04\/BioForPiri_IntegraPirineus_2-768x432.jpg 768w, https:\/\/bioforpiri.org\/wp-content\/uploads\/2024\/04\/BioForPiri_IntegraPirineus_2-1536x864.jpg 1536w\" sizes=\"auto, (max-width: 1920px) 100vw, 1920px\" \/><\/figure>\n<\/div>\n\n\n\n<div class=\"wp-block-column is-vertically-aligned-center is-layout-flow wp-block-column-is-layout-flow\" style=\"padding-top:var(--wp--preset--spacing--10);padding-right:var(--wp--preset--spacing--30);padding-bottom:var(--wp--preset--spacing--10);padding-left:var(--wp--preset--spacing--30)\">\n<p><strong>Fundaci\u00f3 Integra Pirineus <\/strong><\/p>\n\n\n\n<p>Integra Pirineus (Fundaci\u00f3, Empresa d\u2019Inserci\u00f3 i Centre Especial de Treball) hace 13 a\u00f1os que contribuye a la inserci\u00f3n social y laboral de personas en riesgo de exclusi\u00f3n, especialmente aquellas con una discapacidad intelectual o trastorno de la salud mental. La seva principal l\u00ednia d&#8217;ocupaci\u00f3 \u00e9s la gesti\u00f3 forestal sostenible dels boscos dels Pirineus i l&#8217;aprofitament dels seus productes de fusta per a la producci\u00f3 de biomassa forestal.<\/p>\n\n\n\n<p>En Bio For Piri participa en las diferentes acciones para la gesti\u00f3n forestal sostenible de la monta\u00f1a de Aliny\u00e0, la formaci\u00f3n de personas en riesgo de exclusi\u00f3n para llevar a cabo los trabajos de bosque, y tambi\u00e9n, en el impulso de la bioeconom\u00eda local con los aprovechamientos de los restos forestales para la producci\u00f3n y venta de biomasa forestal.<\/p>\n\n\n\n<p><a href=\"https:\/\/www.integrapirineus.com\/\" target=\"_blank\" rel=\"noreferrer noopener\">M\u00e1s informaci\u00f3n<\/a><\/p>\n<\/div>\n<\/div>\n<\/div>\n\n\n\n<hr class=\"wp-block-separator has-alpha-channel-opacity\"\/>\n\n\n\n<div class=\"wp-block-group alignfull has-global-padding is-layout-constrained wp-container-core-group-is-layout-8fbd6f7e wp-block-group-is-layout-constrained\" style=\"margin-top:0;margin-bottom:0;padding-top:var(--wp--preset--spacing--50);padding-bottom:var(--wp--preset--spacing--60)\">\n<div class=\"wp-block-columns is-layout-flex wp-container-core-columns-is-layout-28f84493 wp-block-columns-is-layout-flex\">\n<div class=\"wp-block-column is-layout-flow wp-block-column-is-layout-flow\" style=\"padding-bottom:var(--wp--preset--spacing--20);flex-basis:5%\"><\/div>\n\n\n\n<div class=\"wp-block-column is-layout-flow wp-block-column-is-layout-flow\" style=\"padding-top:var(--wp--preset--spacing--40);padding-bottom:var(--wp--preset--spacing--10);flex-basis:90%\">\n<p class=\"has-text-align-center\" style=\"padding-bottom:var(--wp--preset--spacing--20)\">Bio For Piri es un proyecto liderado por la <strong>Fundaci\u00f3 Catalunya La Pedrera<\/strong> en coordinaci\u00f3n con 5 entidades referentes en sus \u00e1mbitos.<\/p>\n<\/div>\n\n\n\n<div class=\"wp-block-column is-layout-flow wp-block-column-is-layout-flow\" style=\"padding-bottom:var(--wp--preset--spacing--20);flex-basis:5%\"><\/div>\n<\/div>\n\n\n\n<div class=\"wp-block-columns is-not-stacked-on-mobile is-layout-flex wp-container-core-columns-is-layout-f1061711 wp-block-columns-is-layout-flex\" style=\"padding-right:var(--wp--preset--spacing--20);padding-left:var(--wp--preset--spacing--20)\">\n<div class=\"wp-block-column is-layout-flow wp-block-column-is-layout-flow\">\n<figure class=\"wp-block-image size-full\"><a href=\"https:\/\/www.fundaciocatalunya-lapedrera.com\" target=\"_blank\" rel=\"noreferrer noopener\"><img loading=\"lazy\" decoding=\"async\" width=\"400\" height=\"200\" src=\"https:\/\/bioforpiri.org\/wp-content\/uploads\/2024\/04\/FCLP_web.png\" alt=\"\" class=\"wp-image-23\"\/><\/a><\/figure>\n<\/div>\n\n\n\n<div class=\"wp-block-column is-layout-flow wp-block-column-is-layout-flow\">\n<figure class=\"wp-block-image size-full\"><a href=\"https:\/\/ctfc.cat\/\" target=\"_blank\" rel=\"noreferrer noopener\"><img loading=\"lazy\" decoding=\"async\" width=\"400\" height=\"200\" src=\"https:\/\/bioforpiri.org\/wp-content\/uploads\/2024\/04\/CTFC_web.png\" alt=\"\" class=\"wp-image-21\"\/><\/a><\/figure>\n<\/div>\n\n\n\n<div class=\"wp-block-column is-layout-flow wp-block-column-is-layout-flow\">\n<figure class=\"wp-block-image size-full\"><a href=\"https:\/\/quebrantahuesos.org\/\" target=\"_blank\" rel=\"noreferrer noopener\"><img loading=\"lazy\" decoding=\"async\" width=\"400\" height=\"200\" src=\"https:\/\/bioforpiri.org\/wp-content\/uploads\/2024\/04\/FCQ_web.png\" alt=\"\" class=\"wp-image-24\"\/><\/a><\/figure>\n<\/div>\n\n\n\n<div class=\"wp-block-column is-layout-flow wp-block-column-is-layout-flow\">\n<figure class=\"wp-block-image size-full\"><a href=\"https:\/\/empresaclima.org\/\" target=\"_blank\" rel=\"noreferrer noopener\"><img loading=\"lazy\" decoding=\"async\" width=\"400\" height=\"200\" src=\"https:\/\/bioforpiri.org\/wp-content\/uploads\/2024\/04\/FEC_web.png\" alt=\"\" class=\"wp-image-25\"\/><\/a><\/figure>\n<\/div>\n\n\n\n<div class=\"wp-block-column is-layout-flow wp-block-column-is-layout-flow\">\n<figure class=\"wp-block-image size-full\"><a href=\"https:\/\/www.paucostafoundation.org\/\" target=\"_blank\" rel=\"noreferrer noopener\"><img loading=\"lazy\" decoding=\"async\" width=\"400\" height=\"200\" src=\"https:\/\/bioforpiri.org\/wp-content\/uploads\/2024\/04\/FPC_web.png\" alt=\"\" class=\"wp-image-26\"\/><\/a><\/figure>\n<\/div>\n\n\n\n<div class=\"wp-block-column is-layout-flow wp-block-column-is-layout-flow\">\n<figure class=\"wp-block-image size-full\"><a href=\"https:\/\/www.integrapirineus.com\/\" target=\"_blank\" rel=\"noreferrer noopener\"><img loading=\"lazy\" decoding=\"async\" width=\"400\" height=\"200\" src=\"https:\/\/bioforpiri.org\/wp-content\/uploads\/2024\/04\/IP_web.png\" alt=\"\" class=\"wp-image-27\"\/><\/a><\/figure>\n<\/div>\n<\/div>\n\n\n\n<div class=\"wp-block-columns is-layout-flex wp-container-core-columns-is-layout-28f84493 wp-block-columns-is-layout-flex\">\n<div class=\"wp-block-column is-layout-flow wp-block-column-is-layout-flow\" style=\"padding-top:var(--wp--preset--spacing--40);padding-bottom:var(--wp--preset--spacing--10);flex-basis:5%\"><\/div>\n\n\n\n<div class=\"wp-block-column is-layout-flow wp-block-column-is-layout-flow\" style=\"padding-top:var(--wp--preset--spacing--40);padding-bottom:var(--wp--preset--spacing--10);flex-basis:90%\">\n<p style=\"padding-top:var(--wp--preset--spacing--30)\">Bio For Piri cuenta con el apoyo de la Fundaci\u00f3n Biodiversidad del Ministerio para la Transici\u00f3n Ecol\u00f3gica y el Reto Demogr\u00e1fico (MITECO) en el marco del Plan de Recuperaci\u00f3n, Transformaci\u00f3n y Resiliencia (PRTR), financiado por la Uni\u00f3n Europea \u2013 NextGenerationEU.<\/p>\n<\/div>\n\n\n\n<div class=\"wp-block-column is-layout-flow wp-block-column-is-layout-flow\" style=\"flex-basis:5%\"><\/div>\n<\/div>\n\n\n\n<figure class=\"wp-block-image aligncenter size-full\"><a href=\"https:\/\/fundacion-biodiversidad.es\/\" target=\"_blank\" rel=\"noreferrer noopener\"><img loading=\"lazy\" decoding=\"async\" width=\"1200\" height=\"130\" src=\"https:\/\/bioforpiri.org\/wp-content\/uploads\/2024\/04\/FB_web-1.png\" alt=\"\" class=\"wp-image-139\" srcset=\"https:\/\/bioforpiri.org\/wp-content\/uploads\/2024\/04\/FB_web-1.png 1200w, https:\/\/bioforpiri.org\/wp-content\/uploads\/2024\/04\/FB_web-1-768x83.png 768w\" sizes=\"auto, (max-width: 1200px) 100vw, 1200px\" \/><\/a><\/figure>\n<\/div>\n","protected":false},"excerpt":{"rendered":"<p>6 entidades unidas para convertir la amenaza de los incendios forestales en oportunidad Bio For Piri es un proyecto liderado por la Fundaci\u00f3 Catalunya La Pedrera en coordinaci\u00f3n con 5 entidades referentes en sus \u00e1mbitos: el Centre de Ci\u00e8ncia i Tecnologia Forestal de Catalunya (CTFC); la Fundaci\u00f3n para la Conservaci\u00f3n del Quebrantahuesos; la Fundaci\u00f3n Empresa [&hellip;]<\/p>\n","protected":false},"author":5,"featured_media":0,"parent":0,"menu_order":5,"comment_status":"closed","ping_status":"closed","template":"page-without-title","meta":{"_editorskit_title_hidden":false,"_editorskit_reading_time":0,"_editorskit_is_block_options_detached":false,"_editorskit_block_options_position":"{}","footnotes":""},"class_list":["post-638","page","type-page","status-publish","hentry"],"_links":{"self":[{"href":"https:\/\/bioforpiri.org\/es\/wp-json\/wp\/v2\/pages\/638","targetHints":{"allow":["GET"]}}],"collection":[{"href":"https:\/\/bioforpiri.org\/es\/wp-json\/wp\/v2\/pages"}],"about":[{"href":"https:\/\/bioforpiri.org\/es\/wp-json\/wp\/v2\/types\/page"}],"author":[{"embeddable":true,"href":"https:\/\/bioforpiri.org\/es\/wp-json\/wp\/v2\/users\/5"}],"replies":[{"embeddable":true,"href":"https:\/\/bioforpiri.org\/es\/wp-json\/wp\/v2\/comments?post=638"}],"version-history":[{"count":8,"href":"https:\/\/bioforpiri.org\/es\/wp-json\/wp\/v2\/pages\/638\/revisions"}],"predecessor-version":[{"id":1351,"href":"https:\/\/bioforpiri.org\/es\/wp-json\/wp\/v2\/pages\/638\/revisions\/1351"}],"wp:attachment":[{"href":"https:\/\/bioforpiri.org\/es\/wp-json\/wp\/v2\/media?parent=638"}],"curies":[{"name":"wp","href":"https:\/\/api.w.org\/{rel}","templated":true}]}}